{"id":1786,"date":"2017-11-17T09:19:56","date_gmt":"2017-11-17T09:19:56","guid":{"rendered":"https:\/\/proyectos.comunicaciondigital.es\/?page_id=1786"},"modified":"2017-12-01T22:41:40","modified_gmt":"2017-12-01T22:41:40","slug":"aceitedepalma","status":"publish","type":"page","link":"https:\/\/proyectos.comunicaciondigital.es\/en\/aceitedepalma\/","title":{"rendered":"Aceite de Palma"},"content":{"rendered":"<p>[et_pb_section bb_built=\u00bb1&#8243; background_color=\u00bb#2ea3f2&#8243; _builder_version=\u00bb3.0.88&#8243; use_background_color_gradient=\u00bbon\u00bb background_color_gradient_start=\u00bb#efc700&#8243; background_color_gradient_end=\u00bb#ffab35&#8243; parallax=\u00bbon\u00bb][et_pb_row _builder_version=\u00bb3.0.47&#8243; background_size=\u00bbinitial\u00bb background_position=\u00bbtop_left\u00bb background_repeat=\u00bbrepeat\u00bb][et_pb_column type=\u00bb4_4&#8243;][et_pb_blurb admin_label=\u00bbBlurb\u00bb icon_color=\u00bb#45c4ec\u00bb image=\u00bbhttps:\/\/proyectos.comunicaciondigital.es\/wp-content\/uploads\/2017\/11\/depositphotos_36329461-stock-illustration-oil-drop.jpg\u00bb image_max_width=\u00bb81%\u00bb _builder_version=\u00bb3.0.88&#8243; text_orientation=\u00bbcenter\u00bb animation=\u00bbbottom\u00bb \/][\/et_pb_column][\/et_pb_row][et_pb_row _builder_version=\u00bb3.0.47&#8243; background_size=\u00bbinitial\u00bb background_position=\u00bbtop_left\u00bb background_repeat=\u00bbrepeat\u00bb][et_pb_column type=\u00bb4_4&#8243;][et_pb_text admin_label=\u00bbText\u00bb background_layout=\u00bbdark\u00bb _builder_version=\u00bb3.0.88&#8243; text_font=\u00bbAlice|700|on||||||\u00bb text_font_size=\u00bb550px\u00bb text_font_size_last_edited=\u00bboff|desktop\u00bb text_text_color=\u00bb#ffffff\u00bb text_line_height=\u00bb3em\u00bb text_text_shadow_style=\u00bbpreset2&#8243; text_text_shadow_horizontal_length=\u00bb0.1em\u00bb header_font=\u00bbArial||||||||\u00bb header_text_align=\u00bbcenter\u00bb header_font_size=\u00bb100px\u00bb header_text_color=\u00bb#ffffff\u00bb header_letter_spacing=\u00bb4px\u00bb header_line_height=\u00bb1.1em\u00bb background_size=\u00bbinitial\u00bb background_position=\u00bbtop_left\u00bb background_repeat=\u00bbrepeat\u00bb text_orientation=\u00bbcenter\u00bb module_alignment=\u00bbcenter\u00bb]<\/p>\n<h1><strong>ACEITE DE PALMA<\/strong><\/h1>\n<p>[\/et_pb_text][\/et_pb_column][\/et_pb_row][\/et_pb_section][et_pb_section bb_built=\u00bb1&#8243; _builder_version=\u00bb3.0.47&#8243;][et_pb_row _builder_version=\u00bb3.0.47&#8243; background_size=\u00bbinitial\u00bb background_position=\u00bbtop_left\u00bb background_repeat=\u00bbrepeat\u00bb][et_pb_column type=\u00bb1_2&#8243;][et_pb_text admin_label=\u00bbText\u00bb _builder_version=\u00bb3.0.90&#8243; background_size=\u00bbinitial\u00bb background_position=\u00bbtop_left\u00bb background_repeat=\u00bbrepeat\u00bb max_width_tablet=\u00bb50px\u00bb module_alignment=\u00bbleft\u00bb]<\/p>\n<h2>Introducci\u00f3n<\/h2>\n<p><span style=\"font-weight: 400;\">No todos los aceites y grasas vegetales son iguales, ni mucho menos, y sus efectos sobre la salud de los consumidores tambi\u00e9n son bastante diferentes. Mientras algunos tienen un perfil que podr\u00eda definirse como saludable, el consumo de otros est\u00e1n asociados al incremento del riesgo de padecer diversos trastornos nada deseables<\/span> [\/et_pb_text][\/et_pb_column][et_pb_column type=\u00bb1_2&#8243;][et_pb_text admin_label=\u00bbText\u00bb _builder_version=\u00bb3.0.88&#8243; background_size=\u00bbinitial\u00bb background_position=\u00bbtop_left\u00bb background_repeat=\u00bbrepeat\u00bb max_width_tablet=\u00bb50px\u00bb module_alignment=\u00bbleft\u00bb]<\/p>\n<h2><\/h2>\n<p><span style=\"font-weight: 400;\">Por otra parte, aunque el aceite de palma es el favorito de buena parte de la industria, por su versatilidad y bajo precio, se puede sustituir f\u00e1cilmente, especialmente por soja. Durante los \u00faltimos a\u00f1os, con el impulso del uso del aceite de palma como biocombustible se ha a\u00f1adido una nueva variable: el tambi\u00e9n fluctuante precio del petr\u00f3leo.<\/span> [\/et_pb_text][\/et_pb_column][\/et_pb_row][\/et_pb_section][et_pb_section bb_built=\u00bb1&#8243; background_color=\u00bb#ffbf0f\u00bb _builder_version=\u00bb3.0.90&#8243;][et_pb_row _builder_version=\u00bb3.0.47&#8243; background_size=\u00bbinitial\u00bb background_position=\u00bbtop_left\u00bb background_repeat=\u00bbrepeat\u00bb][et_pb_column type=\u00bb4_4&#8243;][et_pb_gallery gallery_ids=\u00bb5072,5075,5082,5085,5087,5093,5096,5099,5100,5101,5102,5103,5106,5107,5108,5109,5110,5111&#8243; fullwidth=\u00bbon\u00bb hover_icon=\u00bb%%3%%\u00bb _builder_version=\u00bb3.0.90&#8243; pagination_font_size_tablet=\u00bb51&#8243; pagination_line_height_tablet=\u00bb2&#8243; \/][\/et_pb_column][\/et_pb_row][\/et_pb_section][et_pb_section bb_built=\u00bb1&#8243; background_color=\u00bb#353535&#8243; _builder_version=\u00bb3.0.47&#8243;][et_pb_row _builder_version=\u00bb3.0.47&#8243; background_size=\u00bbinitial\u00bb background_position=\u00bbtop_left\u00bb background_repeat=\u00bbrepeat\u00bb][et_pb_column type=\u00bb1_2&#8243;][et_pb_text _builder_version=\u00bb3.0.90&#8243; text_font=\u00bbArial||||||||\u00bb text_font_size=\u00bb30px\u00bb text_text_color=\u00bb#ffffff\u00bb]<\/p>\n<p style=\"text-align: center;\"><strong>USOS DEL ACEITE DE PALMA<\/strong><\/p>\n<p>[\/et_pb_text][et_pb_text _builder_version=\u00bb3.0.90&#8243; text_font=\u00bbArial||||||||\u00bb text_text_color=\u00bb#ffffff\u00bb] <img loading=\"lazy\" decoding=\"async\" class=\"wp-image-5262 aligncenter size-full\" src=\"https:\/\/proyectos.comunicaciondigital.es\/wp-content\/uploads\/2017\/12\/fotoo.jpeg\" alt=\"\" width=\"684\" height=\"839\" srcset=\"https:\/\/proyectos.comunicaciondigital.es\/wp-content\/uploads\/2017\/12\/fotoo.jpeg 684w, https:\/\/proyectos.comunicaciondigital.es\/wp-content\/uploads\/2017\/12\/fotoo-245x300.jpeg 245w\" sizes=\"(max-width: 684px) 100vw, 684px\" \/> [\/et_pb_text][\/et_pb_column][et_pb_column type=\u00bb1_2&#8243;][et_pb_text _builder_version=\u00bb3.0.90&#8243; text_font=\u00bbArial||||||||\u00bb text_font_size=\u00bb30px\u00bb text_text_color=\u00bb#ffffff\u00bb]<\/p>\n<p style=\"text-align: center;\"><strong>PROPIEDADES DEL ACEITE DE PALMA.<\/strong><\/p>\n<p>[\/et_pb_text][et_pb_text _builder_version=\u00bb3.0.90&#8243; text_font=\u00bb||||||||\u00bb text_font_size=\u00bb19px\u00bb text_text_color=\u00bb#ffffff\u00bb]<\/p>\n<ul>\n<li>El aceite de palma contiene beta carotenos que son un buen antioxidante.<\/li>\n<\/ul>\n<p>&nbsp;<\/p>\n<ul>\n<li>Los \u00e1cidos grasos son equilibrados.<\/li>\n<\/ul>\n<p>&nbsp;<\/p>\n<ul>\n<li>Este aceite es capaz de aguantar altas temperaturas sin quemarse.<\/li>\n<\/ul>\n<p>&nbsp;<\/p>\n<ul>\n<li>Tampoco produce espuma ni humos.<\/li>\n<\/ul>\n<p>&nbsp;<\/p>\n<ul>\n<li>No proporciona ning\u00fan sabor a los alimentos.<\/li>\n<\/ul>\n<p>&nbsp;<\/p>\n<ul>\n<li>Se utiliza en la producci\u00f3n de pasteler\u00eda, boller\u00eda, margarinas, galletas, helados\u2026<\/li>\n<\/ul>\n<p>[\/et_pb_text][\/et_pb_column][\/et_pb_row][\/et_pb_section][et_pb_section bb_built=\u00bb1&#8243; background_color=\u00bb#2ea3f2&#8243; _builder_version=\u00bb3.0.90&#8243; use_background_color_gradient=\u00bbon\u00bb background_color_gradient_start=\u00bb#efc700&#8243; background_color_gradient_end=\u00bb#ffab35&#8243;][et_pb_row _builder_version=\u00bb3.0.90&#8243;][et_pb_column type=\u00bb1_2&#8243;][et_pb_toggle admin_label=\u00bbVentajas\u00bb title=\u00bbVENTAJAS\u00bb _builder_version=\u00bb3.0.90&#8243; title_level=\u00bbh1&#8243; title_font=\u00bb|700|||||||\u00bb title_text_align=\u00bbcenter\u00bb title_font_size=\u00bb46&#8243; title_text_color=\u00bb#351d00&#8243; background_color=\u00bbrgba(224,153,0,0)\u00bb border_radii=\u00bbon|50px|50px|50px|50px\u00bb border_width_all=\u00bb14px\u00bb border_color_all=\u00bb#595959&#8243; text_orientation=\u00bbcenter\u00bb animation_style=\u00bbroll\u00bb box_shadow_style=\u00bbpreset2&#8243; box_shadow_vertical=\u00bb16px\u00bb text_shadow_style=\u00bbpreset1&#8243; text_shadow_horizontal_length=\u00bb0.14em\u00bb text_shadow_vertical_length=\u00bb0.01em\u00bb text_shadow_blur_strength=\u00bb0.95em\u00bb animation_duration=\u00bb1200ms\u00bb animation_delay=\u00bb250ms\u00bb animation_intensity_roll=\u00bb100%\u00bb animation_starting_opacity=\u00bb100%\u00bb] <a href=\"https:\/\/proyectos.comunicaciondigital.es\/wp-content\/uploads\/2017\/12\/ventajas.jpeg\"><img loading=\"lazy\" decoding=\"async\" class=\"aligncenter size-full wp-image-5415\" src=\"https:\/\/proyectos.comunicaciondigital.es\/wp-content\/uploads\/2017\/12\/ventajas.jpeg\" alt=\"\" width=\"540\" height=\"607\" srcset=\"https:\/\/proyectos.comunicaciondigital.es\/wp-content\/uploads\/2017\/12\/ventajas.jpeg 540w, https:\/\/proyectos.comunicaciondigital.es\/wp-content\/uploads\/2017\/12\/ventajas-267x300.jpeg 267w\" sizes=\"(max-width: 540px) 100vw, 540px\" \/><\/a> [\/et_pb_toggle][\/et_pb_column][et_pb_column type=\u00bb1_2&#8243;][et_pb_toggle admin_label=\u00bbDesventajas\u00bb title=\u00bbDESVENTAJAS\u00bb _builder_version=\u00bb3.0.90&#8243; title_level=\u00bbh1&#8243; title_font=\u00bb|700|||||||\u00bb title_text_align=\u00bbcenter\u00bb title_font_size=\u00bb46&#8243; title_text_color=\u00bb#351d00&#8243; background_color=\u00bbrgba(224,153,0,0)\u00bb border_radii=\u00bbon|50px|50px|50px|50px\u00bb border_width_all=\u00bb14px\u00bb border_color_all=\u00bb#595959&#8243; text_orientation=\u00bbcenter\u00bb animation_style=\u00bbroll\u00bb box_shadow_style=\u00bbpreset2&#8243; box_shadow_vertical=\u00bb16px\u00bb text_shadow_style=\u00bbpreset3&#8243; text_shadow_horizontal_length=\u00bb0.14em\u00bb text_shadow_vertical_length=\u00bb0.01em\u00bb text_shadow_blur_strength=\u00bb0.95em\u00bb animation_duration=\u00bb1200ms\u00bb animation_delay=\u00bb250ms\u00bb animation_intensity_roll=\u00bb100%\u00bb animation_starting_opacity=\u00bb100%\u00bb] <a href=\"https:\/\/proyectos.comunicaciondigital.es\/wp-content\/uploads\/2017\/12\/desventajas.jpeg\"><img loading=\"lazy\" decoding=\"async\" class=\"aligncenter size-full wp-image-5423\" src=\"https:\/\/proyectos.comunicaciondigital.es\/wp-content\/uploads\/2017\/12\/desventajas.jpeg\" alt=\"\" width=\"543\" height=\"607\" srcset=\"https:\/\/proyectos.comunicaciondigital.es\/wp-content\/uploads\/2017\/12\/desventajas.jpeg 543w, https:\/\/proyectos.comunicaciondigital.es\/wp-content\/uploads\/2017\/12\/desventajas-268x300.jpeg 268w\" sizes=\"(max-width: 543px) 100vw, 543px\" \/><\/a> [\/et_pb_toggle][\/et_pb_column][\/et_pb_row][\/et_pb_section][et_pb_section bb_built=\u00bb1&#8243; background_color=\u00bb#353535&#8243; _builder_version=\u00bb3.0.47&#8243;][et_pb_row _builder_version=\u00bb3.0.47&#8243; background_size=\u00bbinitial\u00bb background_position=\u00bbtop_left\u00bb background_repeat=\u00bbrepeat\u00bb][et_pb_column type=\u00bb4_4&#8243;][et_pb_text _builder_version=\u00bb3.0.89&#8243; text_font=\u00bbArial||||||||\u00bb text_font_size=\u00bb40px\u00bb text_text_color=\u00bb#ffffff\u00bb]<\/p>\n<p style=\"text-align: center;\"><strong>INFORMACI\u00d3N COMPLEMENTARIA<\/strong><\/p>\n<p>[\/et_pb_text][\/et_pb_column][\/et_pb_row][et_pb_row _builder_version=\u00bb3.0.47&#8243; background_size=\u00bbinitial\u00bb background_position=\u00bbtop_left\u00bb background_repeat=\u00bbrepeat\u00bb][et_pb_column type=\u00bb1_3&#8243;][et_pb_video_slider show_image_overlay=\u00bbon\u00bb controls_color=\u00bblight\u00bb _builder_version=\u00bb3.0.89&#8243;] [et_pb_video_slider_item src=\u00bbhttps:\/\/youtu.be\/G9ghcpbLRtg\u00bb _builder_version=\u00bb3.0.89&#8243; show_image_overlay=\u00bbon\u00bb][\/et_pb_video_slider_item] [\/et_pb_video_slider][et_pb_text _builder_version=\u00bb3.0.89&#8243; text_font=\u00bbArial||||||||\u00bb text_text_color=\u00bb#ffffff\u00bb] Un v\u00eddeo original de discovery channel sobre como se elabora el aceite de palma. [\/et_pb_text][\/et_pb_column][et_pb_column type=\u00bb1_3&#8243;][et_pb_video_slider show_image_overlay=\u00bbon\u00bb controls_color=\u00bblight\u00bb _builder_version=\u00bb3.0.89&#8243;] [et_pb_video_slider_item src=\u00bbhttps:\/\/youtu.be\/mvDraw1iGCQ\u00bb _builder_version=\u00bb3.0.89&#8243; show_image_overlay=\u00bbon\u00bb][\/et_pb_video_slider_item] [\/et_pb_video_slider][et_pb_text _builder_version=\u00bb3.0.89&#8243; text_font=\u00bbArial||||||||\u00bb text_text_color=\u00bb#ffffff\u00bb] Documental de TVE sobre el aceite de palma. [\/et_pb_text][\/et_pb_column][et_pb_column type=\u00bb1_3&#8243;][et_pb_video_slider show_image_overlay=\u00bbon\u00bb controls_color=\u00bblight\u00bb _builder_version=\u00bb3.0.89&#8243;] [et_pb_video_slider_item src=\u00bbhttps:\/\/youtu.be\/Ob9loqJ-K2M\u00bb _builder_version=\u00bb3.0.89&#8243; show_image_overlay=\u00bbon\u00bb][\/et_pb_video_slider_item] [\/et_pb_video_slider][et_pb_text _builder_version=\u00bb3.0.89&#8243; text_font=\u00bbArial||||||||\u00bb text_text_color=\u00bb#ffffff\u00bb] Los efectos de la producci\u00f3n del aceite de palma en Sierra Leona, [\/et_pb_text][\/et_pb_column][\/et_pb_row][\/et_pb_section][et_pb_section bb_built=\u00bb1&#8243; _builder_version=\u00bb3.0.89&#8243; use_background_color_gradient=\u00bbon\u00bb background_color_gradient_start=\u00bb#efc700&#8243; background_color_gradient_end=\u00bb#ffab35&#8243;][et_pb_row _builder_version=\u00bb3.0.47&#8243; background_size=\u00bbinitial\u00bb background_position=\u00bbtop_left\u00bb background_repeat=\u00bbrepeat\u00bb][et_pb_column type=\u00bb4_4&#8243;][et_pb_text _builder_version=\u00bb3.0.89&#8243; text_font=\u00bbArial||||||||\u00bb text_font_size=\u00bb36px\u00bb text_text_color=\u00bb#ffffff\u00bb]<\/p>\n<p style=\"text-align: center;\">EL ACEITE DE PALMA EN LA UE Y A NIVEL MUNDIAL.<\/p>\n<p>[\/et_pb_text][\/et_pb_column][\/et_pb_row][et_pb_row _builder_version=\u00bb3.0.47&#8243; background_size=\u00bbinitial\u00bb background_position=\u00bbtop_left\u00bb background_repeat=\u00bbrepeat\u00bb][et_pb_column type=\u00bb1_4&#8243;][et_pb_image src=\u00bbhttps:\/\/proyectos.comunicaciondigital.es\/wp-content\/uploads\/2017\/11\/grafico1.png\u00bb show_in_lightbox=\u00bbon\u00bb _builder_version=\u00bb3.0.89&#8243; \/][et_pb_text _builder_version=\u00bb3.0.89&#8243; text_font=\u00bbArial||||||||\u00bb text_text_color=\u00bb#ffffff\u00bb] Evoluci\u00f3n del consumo del aceite de palma en la UE. En miles de toneladas. Fuente: El economista [\/et_pb_text][\/et_pb_column][et_pb_column type=\u00bb1_4&#8243;][et_pb_image src=\u00bbhttps:\/\/proyectos.comunicaciondigital.es\/wp-content\/uploads\/2017\/11\/grafico2.png\u00bb show_in_lightbox=\u00bbon\u00bb _builder_version=\u00bb3.0.89&#8243; \/][et_pb_text _builder_version=\u00bb3.0.89&#8243; text_font=\u00bbArial||||||||\u00bb text_text_color=\u00bb#ffffff\u00bb] Principales importadores de aceite de palma en la UE. En miles de toneladas. Fuente: El economista. [\/et_pb_text][\/et_pb_column][et_pb_column type=\u00bb1_4&#8243;][et_pb_image src=\u00bbhttps:\/\/proyectos.comunicaciondigital.es\/wp-content\/uploads\/2017\/11\/grafico3.png\u00bb show_in_lightbox=\u00bbon\u00bb _builder_version=\u00bb3.0.89&#8243; \/][et_pb_text _builder_version=\u00bb3.0.89&#8243; text_font=\u00bbArial||||||||\u00bb text_text_color=\u00bb#ffffff\u00bb] Producci\u00f3n mundial de grasas vegetales. En millones de toneladas. Fuente: El economista [\/et_pb_text][\/et_pb_column][et_pb_column type=\u00bb1_4&#8243;][et_pb_image src=\u00bbhttps:\/\/proyectos.comunicaciondigital.es\/wp-content\/uploads\/2017\/11\/grafico4.png\u00bb show_in_lightbox=\u00bbon\u00bb _builder_version=\u00bb3.0.89&#8243; \/][et_pb_text _builder_version=\u00bb3.0.89&#8243; text_font=\u00bbArial||||||||\u00bb text_text_color=\u00bb#ffffff\u00bb] Evoluci\u00f3n de las exportaciones de aceite de palma en Espa\u00f1a de 2011 a 2015. En miles de USD. Fuente: El economista. [\/et_pb_text][\/et_pb_column][\/et_pb_row][\/et_pb_section]<\/p>\n","protected":false},"excerpt":{"rendered":"<p>ACEITE DE PALMA Introducci\u00f3n No todos los aceites y grasas vegetales son iguales, ni mucho menos, y sus efectos sobre la salud de los consumidores tambi\u00e9n son bastante diferentes. Mientras algunos tienen un perfil que podr\u00eda definirse como saludable, el consumo de otros est\u00e1n asociados al incremento del riesgo de padecer diversos trastornos nada deseables&hellip; <a class=\"continue\" href=\"https:\/\/proyectos.comunicaciondigital.es\/en\/aceitedepalma\/\">Continua leyendo<span> Aceite de Palma<\/span><\/a><\/p>","protected":false},"author":1,"featured_media":0,"parent":0,"menu_order":0,"comment_status":"closed","ping_status":"closed","template":"","meta":{"_et_pb_use_builder":"on","_et_pb_old_content":"","_et_gb_content_width":"","footnotes":""},"class_list":["post-1786","page","type-page","status-publish","hentry"],"yoast_head":"<!-- This site is optimized with the Yoast SEO plugin v27.2 - https:\/\/yoast.com\/product\/yoast-seo-wordpress\/ -->\n<title>Aceite de Palma - Portal de proyectos multimedia<\/title>\n<meta name=\"robots\" content=\"index, follow, max-snippet:-1, max-image-preview:large, max-video-preview:-1\" \/>\n<link rel=\"canonical\" href=\"https:\/\/proyectos.comunicaciondigital.es\/en\/aceitedepalma\/\" \/>\n<meta property=\"og:locale\" content=\"en_GB\" \/>\n<meta property=\"og:type\" content=\"article\" \/>\n<meta property=\"og:title\" content=\"Aceite de Palma - Portal de proyectos multimedia\" \/>\n<meta property=\"og:description\" content=\"ACEITE DE PALMA Introducci\u00f3n No todos los aceites y grasas vegetales son iguales, ni mucho menos, y sus efectos sobre la salud de los consumidores tambi\u00e9n son bastante diferentes. Mientras algunos tienen un perfil que podr\u00eda definirse como saludable, el consumo de otros est\u00e1n asociados al incremento del riesgo de padecer diversos trastornos nada deseables&hellip; Continua leyendo Aceite de Palma\" \/>\n<meta property=\"og:url\" content=\"https:\/\/proyectos.comunicaciondigital.es\/en\/aceitedepalma\/\" \/>\n<meta property=\"og:site_name\" content=\"Portal de proyectos multimedia\" \/>\n<meta property=\"article:modified_time\" content=\"2017-12-01T22:41:40+00:00\" \/>\n<meta property=\"og:image\" content=\"https:\/\/proyectos.comunicaciondigital.es\/wp-content\/uploads\/2017\/12\/fotoo.jpeg\" \/>\n<script type=\"application\/ld+json\" class=\"yoast-schema-graph\">{\"@context\":\"https:\/\/schema.org\",\"@graph\":[{\"@type\":\"WebPage\",\"@id\":\"https:\/\/proyectos.comunicaciondigital.es\/aceitedepalma\/\",\"url\":\"https:\/\/proyectos.comunicaciondigital.es\/aceitedepalma\/\",\"name\":\"Aceite de Palma - Portal de proyectos multimedia\",\"isPartOf\":{\"@id\":\"https:\/\/proyectos.comunicaciondigital.es\/#website\"},\"primaryImageOfPage\":{\"@id\":\"https:\/\/proyectos.comunicaciondigital.es\/aceitedepalma\/#primaryimage\"},\"image\":{\"@id\":\"https:\/\/proyectos.comunicaciondigital.es\/aceitedepalma\/#primaryimage\"},\"thumbnailUrl\":\"https:\/\/proyectos.comunicaciondigital.es\/wp-content\/uploads\/2017\/12\/fotoo.jpeg\",\"datePublished\":\"2017-11-17T09:19:56+00:00\",\"dateModified\":\"2017-12-01T22:41:40+00:00\",\"breadcrumb\":{\"@id\":\"https:\/\/proyectos.comunicaciondigital.es\/aceitedepalma\/#breadcrumb\"},\"inLanguage\":\"en-GB\",\"potentialAction\":[{\"@type\":\"ReadAction\",\"target\":[\"https:\/\/proyectos.comunicaciondigital.es\/aceitedepalma\/\"]}]},{\"@type\":\"ImageObject\",\"inLanguage\":\"en-GB\",\"@id\":\"https:\/\/proyectos.comunicaciondigital.es\/aceitedepalma\/#primaryimage\",\"url\":\"https:\/\/proyectos.comunicaciondigital.es\/wp-content\/uploads\/2017\/12\/fotoo.jpeg\",\"contentUrl\":\"https:\/\/proyectos.comunicaciondigital.es\/wp-content\/uploads\/2017\/12\/fotoo.jpeg\"},{\"@type\":\"BreadcrumbList\",\"@id\":\"https:\/\/proyectos.comunicaciondigital.es\/aceitedepalma\/#breadcrumb\",\"itemListElement\":[{\"@type\":\"ListItem\",\"position\":1,\"name\":\"Portada\",\"item\":\"https:\/\/proyectos.comunicaciondigital.es\/\"},{\"@type\":\"ListItem\",\"position\":2,\"name\":\"Aceite de Palma\"}]},{\"@type\":\"WebSite\",\"@id\":\"https:\/\/proyectos.comunicaciondigital.es\/#website\",\"url\":\"https:\/\/proyectos.comunicaciondigital.es\/\",\"name\":\"Portal de proyectos multimedia\",\"description\":\"Grupo Ciberimaginario\",\"potentialAction\":[{\"@type\":\"SearchAction\",\"target\":{\"@type\":\"EntryPoint\",\"urlTemplate\":\"https:\/\/proyectos.comunicaciondigital.es\/?s={search_term_string}\"},\"query-input\":{\"@type\":\"PropertyValueSpecification\",\"valueRequired\":true,\"valueName\":\"search_term_string\"}}],\"inLanguage\":\"en-GB\"}]}<\/script>\n<!-- \/ Yoast SEO plugin. -->","yoast_head_json":{"title":"Aceite de Palma - Portal de proyectos multimedia","robots":{"index":"index","follow":"follow","max-snippet":"max-snippet:-1","max-image-preview":"max-image-preview:large","max-video-preview":"max-video-preview:-1"},"canonical":"https:\/\/proyectos.comunicaciondigital.es\/en\/aceitedepalma\/","og_locale":"en_GB","og_type":"article","og_title":"Aceite de Palma - Portal de proyectos multimedia","og_description":"ACEITE DE PALMA Introducci\u00f3n No todos los aceites y grasas vegetales son iguales, ni mucho menos, y sus efectos sobre la salud de los consumidores tambi\u00e9n son bastante diferentes. Mientras algunos tienen un perfil que podr\u00eda definirse como saludable, el consumo de otros est\u00e1n asociados al incremento del riesgo de padecer diversos trastornos nada deseables&hellip; Continua leyendo Aceite de Palma","og_url":"https:\/\/proyectos.comunicaciondigital.es\/en\/aceitedepalma\/","og_site_name":"Portal de proyectos multimedia","article_modified_time":"2017-12-01T22:41:40+00:00","og_image":[{"url":"https:\/\/proyectos.comunicaciondigital.es\/wp-content\/uploads\/2017\/12\/fotoo.jpeg","type":"","width":"","height":""}],"schema":{"@context":"https:\/\/schema.org","@graph":[{"@type":"WebPage","@id":"https:\/\/proyectos.comunicaciondigital.es\/aceitedepalma\/","url":"https:\/\/proyectos.comunicaciondigital.es\/aceitedepalma\/","name":"Aceite de Palma - Portal de proyectos multimedia","isPartOf":{"@id":"https:\/\/proyectos.comunicaciondigital.es\/#website"},"primaryImageOfPage":{"@id":"https:\/\/proyectos.comunicaciondigital.es\/aceitedepalma\/#primaryimage"},"image":{"@id":"https:\/\/proyectos.comunicaciondigital.es\/aceitedepalma\/#primaryimage"},"thumbnailUrl":"https:\/\/proyectos.comunicaciondigital.es\/wp-content\/uploads\/2017\/12\/fotoo.jpeg","datePublished":"2017-11-17T09:19:56+00:00","dateModified":"2017-12-01T22:41:40+00:00","breadcrumb":{"@id":"https:\/\/proyectos.comunicaciondigital.es\/aceitedepalma\/#breadcrumb"},"inLanguage":"en-GB","potentialAction":[{"@type":"ReadAction","target":["https:\/\/proyectos.comunicaciondigital.es\/aceitedepalma\/"]}]},{"@type":"ImageObject","inLanguage":"en-GB","@id":"https:\/\/proyectos.comunicaciondigital.es\/aceitedepalma\/#primaryimage","url":"https:\/\/proyectos.comunicaciondigital.es\/wp-content\/uploads\/2017\/12\/fotoo.jpeg","contentUrl":"https:\/\/proyectos.comunicaciondigital.es\/wp-content\/uploads\/2017\/12\/fotoo.jpeg"},{"@type":"BreadcrumbList","@id":"https:\/\/proyectos.comunicaciondigital.es\/aceitedepalma\/#breadcrumb","itemListElement":[{"@type":"ListItem","position":1,"name":"Portada","item":"https:\/\/proyectos.comunicaciondigital.es\/"},{"@type":"ListItem","position":2,"name":"Aceite de Palma"}]},{"@type":"WebSite","@id":"https:\/\/proyectos.comunicaciondigital.es\/#website","url":"https:\/\/proyectos.comunicaciondigital.es\/","name":"Portal de proyectos multimedia","description":"Grupo Ciberimaginario","potentialAction":[{"@type":"SearchAction","target":{"@type":"EntryPoint","urlTemplate":"https:\/\/proyectos.comunicaciondigital.es\/?s={search_term_string}"},"query-input":{"@type":"PropertyValueSpecification","valueRequired":true,"valueName":"search_term_string"}}],"inLanguage":"en-GB"}]}},"_links":{"self":[{"href":"https:\/\/proyectos.comunicaciondigital.es\/en\/wp-json\/wp\/v2\/pages\/1786","targetHints":{"allow":["GET"]}}],"collection":[{"href":"https:\/\/proyectos.comunicaciondigital.es\/en\/wp-json\/wp\/v2\/pages"}],"about":[{"href":"https:\/\/proyectos.comunicaciondigital.es\/en\/wp-json\/wp\/v2\/types\/page"}],"author":[{"embeddable":true,"href":"https:\/\/proyectos.comunicaciondigital.es\/en\/wp-json\/wp\/v2\/users\/1"}],"replies":[{"embeddable":true,"href":"https:\/\/proyectos.comunicaciondigital.es\/en\/wp-json\/wp\/v2\/comments?post=1786"}],"version-history":[{"count":60,"href":"https:\/\/proyectos.comunicaciondigital.es\/en\/wp-json\/wp\/v2\/pages\/1786\/revisions"}],"predecessor-version":[{"id":5599,"href":"https:\/\/proyectos.comunicaciondigital.es\/en\/wp-json\/wp\/v2\/pages\/1786\/revisions\/5599"}],"wp:attachment":[{"href":"https:\/\/proyectos.comunicaciondigital.es\/en\/wp-json\/wp\/v2\/media?parent=1786"}],"curies":[{"name":"wp","href":"https:\/\/api.w.org\/{rel}","templated":true}]}}